{"id":1474,"date":"2019-12-09T06:40:53","date_gmt":"2019-12-09T06:40:53","guid":{"rendered":"https:\/\/smartdata.tonytemplates.com\/electrician-v2demo3\/?page_id=1474"},"modified":"2025-06-25T23:53:08","modified_gmt":"2025-06-25T23:53:08","slug":"prices","status":"publish","type":"page","link":"https:\/\/brunoberthiaumeelectrique.com\/fr\/prices\/","title":{"rendered":"Prix"},"content":{"rendered":"<div data-elementor-type=\"wp-page\" data-elementor-id=\"1474\" class=\"elementor elementor-1474\">\n\t\t\t\t\t\t<section class=\"elementor-section elementor-top-section elementor-element elementor-element-2d72cd0 elementor-section-stretched elementor-section-full_width elementor-section-height-default elementor-section-height-default\" data-id=\"2d72cd0\" data-element_type=\"section\" data-settings=\"{&quot;stretch_section&quot;:&quot;section-stretched&quot;}\">\n\t\t\t\t\t\t<div class=\"elementor-container elementor-column-gap-no\">\n\t\t\t\t\t<div class=\"elementor-column elementor-col-100 elementor-top-column elementor-element elementor-element-4f6d448\" data-id=\"4f6d448\" data-element_type=\"column\">\n\t\t\t<div class=\"elementor-widget-wrap elementor-element-populated\">\n\t\t\t\t\t\t<div class=\"elementor-element elementor-element-26b969f elementor-widget elementor-widget-electrician_video\" data-id=\"26b969f\" data-element_type=\"widget\" data-widget_type=\"electrician_video.default\">\n\t\t\t\t<div class=\"elementor-widget-container\">\n\t\t\t\t\t \n<div class=\"section-indent\">\n\t<div class=\"tt-box01 lazyload\" data-bg=\"https:\/\/brunoberthiaumeelectrique.com\/wp-content\/uploads\/2024\/05\/Untitled-2-1.jpg\">\n\t\t<div class=\"container\">\n\t\t\t<div class=\"tt-box01__holder\">\n\t\t\t\t<div class=\"tt-box01__video\">\n\t\t\t\t\t\t\t\t\t<\/div>\n\t\t\t\t<div class=\"tt-box01__description\">\n\t\t\t\t\t<h4 class=\"tt-box01__title\">\n\t\tVotre <span class=\"tt-base-color\">meilleure option<\/span><br>en entrepreneurs<br>\u00e9lectriques 24\/7\t\t\t\t\t<\/h4>\n\t\t\t\t\t<p>\n\t\tNos \u00e9lectriciens exp\u00e9riment\u00e9s sont hautement qualifi\u00e9s dans tous les aspects des services \u00e9lectriques, de l'\u00e9clairage de bureau et des syst\u00e8mes de s\u00e9curit\u00e9 aux r\u00e9parations d'urgence.\t\t\t\t\t<\/p>\n\t\t\t\t\t<div class=\"tt-row-btn\">\n\t\t\t\t\t\t\t\t\t\t\t\t<a class=\"tt-btn btn__color01\" href=\"#electric-services\">\n\t\t\t\t\t\t\t\t\t\t\t\t\t\t\t\t\t\t\t\t<span class=\"icon-lightning\"><\/span>\n\t\t\t\t\t\t\t\t\t\t\t\t\t\t\tExplorez nos services\t\t\t\t\t\t<\/a>\n\t\t\t\t\t<\/div>\n\t\t\t\t<\/div>\n\t\t\t<\/div>\n\t\t<\/div>\n\t<\/div>\n<\/div>\n\t\t\t\t\t\t<\/div>\n\t\t\t\t<\/div>\n\t\t\t\t\t<\/div>\n\t\t<\/div>\n\t\t\t\t\t<\/div>\n\t\t<\/section>\n\t\t\t\t<section class=\"elementor-section elementor-top-section elementor-element elementor-element-db4898f elementor-section-stretched elementor-section-full_width elementor-section-height-default elementor-section-height-default\" data-id=\"db4898f\" data-element_type=\"section\" data-settings=\"{&quot;stretch_section&quot;:&quot;section-stretched&quot;}\">\n\t\t\t\t\t\t<div class=\"elementor-container elementor-column-gap-no\">\n\t\t\t\t\t<div class=\"elementor-column elementor-col-100 elementor-top-column elementor-element elementor-element-813934c\" data-id=\"813934c\" data-element_type=\"column\">\n\t\t\t<div class=\"elementor-widget-wrap elementor-element-populated\">\n\t\t\t\t\t\t<div class=\"elementor-element elementor-element-ec3e636 elementor-widget elementor-widget-elec_price\" data-id=\"ec3e636\" data-element_type=\"widget\" data-widget_type=\"elec_price.default\">\n\t\t\t\t<div class=\"elementor-widget-container\">\n\t\t\t\t\t<!-- Plans Block -->\n\t\t\t\t\t<div class=\"section-indent\">\n\t<div class=\"container\">\n\t\t<div class=\"section-title max-width-01\">\n\t\t\t<div class=\"section-title__01\">Nos prix<\/div>\n\t\t\t<div class=\"section-title__02\">Nos tarifs selon vos besoins<\/div>\n\t\t\t<div class=\"section-title__03\">\n\t\t\tNos tarifs sont comp\u00e9titifs sur le march\u00e9.\n\t\t\t<\/div>\n\t\t<\/div>\n\t\t<div class=\"tt-block-marker\">\n\t\t\t<img decoding=\"async\" class=\"bg-marker01 block-marker__obj lazyload\" src=\"https:\/\/brunoberthiaumeelectrique.com\/wp-content\/uploads\/2020\/07\/bg_marker02.png\" data-src=\"https:\/\/brunoberthiaumeelectrique.com\/wp-content\/uploads\/2020\/07\/bg_marker02.png\" alt=\"\">\n\t\t\t<div class=\"tt-layout02-wrapper slick-type01 row\"\n\t\t\t\t\t\t\tdata-slick='{\t\t\t\t\t\"slidesToShow\": 3,\t\t\t\t\t\"slidesToScroll\": 2,\t\t\t\t\t\"autoplaySpeed\": 5000,\t\t\t\t\t\"responsive\": [\t\t\t\t\t\t{\t\t\t\t\t\t\t\"breakpoint\": 1230,\t\t\t\t\t\t\t\"settings\": {\t\t\t\t\t\t\t\t\"slidesToShow\": 2,\t\t\t\t\t\t\t\t\"slidesToScroll\": 2\t\t\t\t\t\t\t}\t\t\t\t\t\t},\t\t\t\t\t\t{\t\t\t\t\t\t\t\"breakpoint\": 767,\t\t\t\t\t\t\t\"settings\": {\t\t\t\t\t\t\t\t\"slidesToShow\": 1,\t\t\t\t\t\t\t\t\"slidesToScroll\": 1\t\t\t\t\t\t\t}\t\t\t\t\t\t}\t\t\t\t\t]\t\t\t\t\t}'>\n\n\t\t\t\t\t\t\t<div class=\"item col-md-4\">\n\t\t\t\t\t<div class=\"tt-layout02\">\n\t\t\t\t\t\t<div class=\"tt-layout02__icon\">\n\t\t\t\t\t\t\t<span class=\"icon-867257\"><\/span>\n\t\t\t\t\t\t<\/div>\n\t\t\t\t\t\t<div class=\"tt-layout02__title\">\n\t\t\t\t\tAppel de Service\t\t\t\t\t\t<\/div>\n\t\t\t\t\t\t<ul class=\"tt-layout02__list\">\n\t\t\t\t\t<li> Frais minimum\n<li>Premi\u00e8re heure de travail\n<li>D\u00e9placement inclus jusqu'\u00e0 25 kilom\u00e8tres de notre bureau\n\t\t\t\t\t\t<\/ul>\n\t\t\t\t\t\t<hr class=\"tt-layout02__hr\">\n\t\t\t\t\t\t<div class=\"tt-layout02__price\">\n\t\t\t\t\t$175.00\t\t\t\t\t\t<\/div>\n\t\t\t\t\t\t<div class=\"tt-layout02__link\">\n\t\t\t\t\t\t\t<a href=\"#\" data-toggle=\"modal\" data-target=\"#modalMakeAppointment\" class=\"tt-link\"><span class=\"icon-arrowhead\"><\/span><\/a>\n\t\t\t\t\t\t<\/div>\n\t\t\t\t\t<\/div>\n\t\t\t\t<\/div>\n\t\t\t\t\t\t\t\t\t<div class=\"item col-md-4\">\n\t\t\t\t\t<div class=\"tt-layout02\">\n\t\t\t\t\t\t<div class=\"tt-layout02__icon\">\n\t\t\t\t\t\t\t<span class=\"icon-621023\"><\/span>\n\t\t\t\t\t\t<\/div>\n\t\t\t\t\t\t<div class=\"tt-layout02__title\">\n\t\t\t\t\t\u00c9lectricien\t\t\t\t\t\t<\/div>\n\t\t\t\t\t\t<ul class=\"tt-layout02__list\">\n\t\t\t\t\t<li> Electrician $115.00\n<li> Apprenti  $95.00\n\n<li>1 heure de travail\t\t\t\t\t\t<\/ul>\n\t\t\t\t\t\t<hr class=\"tt-layout02__hr\">\n\t\t\t\t\t\t<div class=\"tt-layout02__price\">\n\t\t\t\t\t$115.00\t\t\t\t\t\t<\/div>\n\t\t\t\t\t\t<div class=\"tt-layout02__link\">\n\t\t\t\t\t\t\t<a href=\"#\" data-toggle=\"modal\" data-target=\"#modalMakeAppointment\" class=\"tt-link\"><span class=\"icon-arrowhead\"><\/span><\/a>\n\t\t\t\t\t\t<\/div>\n\t\t\t\t\t<\/div>\n\t\t\t\t<\/div>\n\t\t\t\t\t\t\t\t\t<div class=\"item col-md-4\">\n\t\t\t\t\t<div class=\"tt-layout02\">\n\t\t\t\t\t\t<div class=\"tt-layout02__icon\">\n\t\t\t\t\t\t\t<span class=\"icon-plug-1\"><\/span>\n\t\t\t\t\t\t<\/div>\n\t\t\t\t\t\t<div class=\"tt-layout02__title\">\n\t\t\t\t\tUrgence\t\t\t\t\t\t<\/div>\n\t\t\t\t\t\t<ul class=\"tt-layout02__list\">\n\t\t\t\t\t<li>Minimum de 3 heures de travail\n<li> En dehors des heures de bureau\nDu lundi au vendredi\n<li> Week-ends \t\t\t\t\t\t<\/ul>\n\t\t\t\t\t\t<hr class=\"tt-layout02__hr\">\n\t\t\t\t\t\t<div class=\"tt-layout02__price\">\n\t\t\t\t\t$195.00\t\t\t\t\t\t<\/div>\n\t\t\t\t\t\t<div class=\"tt-layout02__link\">\n\t\t\t\t\t\t\t<a href=\"#\" data-toggle=\"modal\" data-target=\"#modalMakeAppointment\" class=\"tt-link\"><span class=\"icon-arrowhead\"><\/span><\/a>\n\t\t\t\t\t\t<\/div>\n\t\t\t\t\t<\/div>\n\t\t\t\t<\/div>\n\t\t\t\t\t\t   \n\t\t\t<\/div>\n\t\t<\/div>\n\t<\/div>\n\t\t\t\t\t\t\t\t<\/div>\n\t\t\t\t<\/div>\n\t\t\t\t\t<\/div>\n\t\t<\/div>\n\t\t\t\t\t<\/div>\n\t\t<\/section>\n\t\t\t\t<section class=\"elementor-section elementor-top-section elementor-element elementor-element-e298282 elementor-section-full_width elementor-section-stretched elementor-section-height-default elementor-section-height-default\" data-id=\"e298282\" data-element_type=\"section\" id=\"electric-services\" data-settings=\"{&quot;stretch_section&quot;:&quot;section-stretched&quot;}\">\n\t\t\t\t\t\t<div class=\"elementor-container elementor-column-gap-no\">\n\t\t\t\t\t<div class=\"elementor-column elementor-col-100 elementor-top-column elementor-element elementor-element-93795c5\" data-id=\"93795c5\" data-element_type=\"column\">\n\t\t\t<div class=\"elementor-widget-wrap elementor-element-populated\">\n\t\t\t\t\t\t<div class=\"elementor-element elementor-element-11d7bac elementor-widget elementor-widget-elec_price_table\" data-id=\"11d7bac\" data-element_type=\"widget\" data-widget_type=\"elec_price_table.default\">\n\t\t\t\t<div class=\"elementor-widget-container\">\n\t\t\t\t\t\t\t\t<div class=\"section-indent\">\n\t\t<div class=\"container container-md-fluid\">\n\t\t\t<div class=\"section-title max-width-01\">\n\t\t\t\t<div class=\"section-title__01\">Nos services<\/div>\n\t\t\t\t<div class=\"section-title__02\">Service \u00e9lectrique<\/div>\n\t\t\t\t<div class=\"section-title__03\">\n\t\t\t\tAppelez-nous pour obtenir votre estimation gratuite !\t\t\t\t<\/div>\n\t\t\t<\/div>\n\t\t\t<div class=\"tt-table01 tt-table-responsive-md\">\n\t\t\t\t<table>\n\t\t\t\t\t<thead>\n\t\t\t\t\t\t<tr>\n\t\t\t\t\t\t\t\t\t\t\t\t\t<th>Job<\/th>\n\t\t\t\t\t\t\t\t\t\t\t\t\t\t<th><\/th>\n\t\t\t\t\t\t\t\t\t\t\t\t\t\t<th>Description<\/th>\n\t\t\t\t\t\t\t\t\t\t\t\t\t<\/tr>\n\t\t\t\t\t<\/thead>\n\t\t\t\t\t<tbody>\n\t\t\t\t\t\t\t\t\t\t\t<tr>\n\t\t\t\t\t\t\t\t\t\t\t\t\t<td>Installation de bornes de recharge pour voitures \u00e9lectriques <\/td>\n\t\t\t\t\t\t\t\t\t\t\t\t\t\t<td><\/td>\n\t\t\t\t\t\t\t\t\t\t\t\t\t\t<td>Nous pouvons fournir des mod\u00e8les de Flo, Leviton, ChargePoint, Siemens, Heavy Duty, et Wallbox<\/td>\n\t\t\t\t\t\t\t\t\t\t\t\t\t<\/tr>\n\t\t\t\t\t\t\t\t\t\t\t\t\t<tr>\n\t\t\t\t\t\t\t\t\t\t\t\t\t<td>Remplacement de panneau \u00e9lectrique <\/td>\n\t\t\t\t\t\t\t\t\t\t\t\t\t\t<td><\/td>\n\t\t\t\t\t\t\t\t\t\t\t\t\t\t<td>100 amp\u00e8res, 200 amp\u00e8res, 325 amp\u00e8res<\/td>\n\t\t\t\t\t\t\t\t\t\t\t\t\t<\/tr>\n\t\t\t\t\t\t\t\t\t\t\t\t\t<tr>\n\t\t\t\t\t\t\t\t\t\t\t\t\t<td>Fourniture et installation de g\u00e9n\u00e9rateurs intelligents <\/td>\n\t\t\t\t\t\t\t\t\t\t\t\t\t\t<td><\/td>\n\t\t\t\t\t\t\t\t\t\t\t\t\t\t<td>Diff\u00e9rents mod\u00e8les de g\u00e9n\u00e9rateurs sont disponibles pour r\u00e9pondre \u00e0 vos besoins<\/td>\n\t\t\t\t\t\t\t\t\t\t\t\t\t<\/tr>\n\t\t\t\t\t\t\t\t\t\t\t\t\t<tr>\n\t\t\t\t\t\t\t\t\t\t\t\t\t<td>Conversion du c\u00e2blage en aluminium vers du cuivre <\/td>\n\t\t\t\t\t\t\t\t\t\t\t\t\t\t<td><\/td>\n\t\t\t\t\t\t\t\t\t\t\t\t\t\t<td>Nous pouvons vous aider \u00e0 respecter les normes actuelles<\/td>\n\t\t\t\t\t\t\t\t\t\t\t\t\t<\/tr>\n\t\t\t\t\t\t\t\t\t\t\t\t\t<tr>\n\t\t\t\t\t\t\t\t\t\t\t\t\t<td>Lettre d'inspection et de conformit\u00e9 \u00e0 des fins d'assurance <\/td>\n\t\t\t\t\t\t\t\t\t\t\t\t\t\t<td><\/td>\n\t\t\t\t\t\t\t\t\t\t\t\t\t\t<td>Lettre de conformit\u00e9 pour assurance garantissant que les normes d'inspection sont respect\u00e9es<\/td>\n\t\t\t\t\t\t\t\t\t\t\t\t\t<\/tr>\n\t\t\t\t\t\t\t\t\t\t\t\t\t<tr>\n\t\t\t\t\t\t\t\t\t\t\t\t\t<td>C\u00e2blage d'une piscine ou d'un jacuzzi <\/td>\n\t\t\t\t\t\t\t\t\t\t\t\t\t\t<td><\/td>\n\t\t\t\t\t\t\t\t\t\t\t\t\t\t<td>Installation de c\u00e2blage pour une mise en place s\u00fbre et efficace de piscine ou de jacuzzi<\/td>\n\t\t\t\t\t\t\t\t\t\t\t\t\t<\/tr>\n\t\t\t\t\t\t\t\t\t\t\t\t\t<tr>\n\t\t\t\t\t\t\t\t\t\t\t\t\t<td>Installation de prises \u00e9lectriques  <\/td>\n\t\t\t\t\t\t\t\t\t\t\t\t\t\t<td><\/td>\n\t\t\t\t\t\t\t\t\t\t\t\t\t\t<td>C\u00e2bler, installer ou boucher une prise existante <\/td>\n\t\t\t\t\t\t\t\t\t\t\t\t\t<\/tr>\n\t\t\t\t\t\t\t\t\t\t\t\t\t<tr>\n\t\t\t\t\t\t\t\t\t\t\t\t\t<td>Ajout d'\u00e9clairages <\/td>\n\t\t\t\t\t\t\t\t\t\t\t\t\t\t<td><\/td>\n\t\t\t\t\t\t\t\t\t\t\t\t\t\t<td>Ajouter ou remplacer des lumi\u00e8res encastr\u00e9es, installer un luminaire<\/td>\n\t\t\t\t\t\t\t\t\t\t\t\t\t<\/tr>\n\t\t\t\t\t\t\t\t\t\t\t\t\t<tr>\n\t\t\t\t\t\t\t\t\t\t\t\t\t<td>Fourniture et installation de ventilateur de plafond <\/td>\n\t\t\t\t\t\t\t\t\t\t\t\t\t\t<td><\/td>\n\t\t\t\t\t\t\t\t\t\t\t\t\t\t<td>Il peut \u00eatre correctement install\u00e9 par un \u00e9lectricien agr\u00e9\u00e9<\/td>\n\t\t\t\t\t\t\t\t\t\t\t\t\t<\/tr>\n\t\t\t\t\t\t\t\t\t\t\t\t\t<tr>\n\t\t\t\t\t\t\t\t\t\t\t\t\t<td>Fourniture et installation de lumi\u00e8re \u00e0 d\u00e9tecteur de mouvement <\/td>\n\t\t\t\t\t\t\t\t\t\t\t\t\t\t<td><\/td>\n\t\t\t\t\t\t\t\t\t\t\t\t\t\t<td>\u00c9quip\u00e9s d'une nacelle, nous pouvons installer jusqu'\u00e0 X pieds de hauteur<\/td>\n\t\t\t\t\t\t\t\t\t\t\t\t\t<\/tr>\n\t\t\t\t\t\t\t\t\t\t\t\t\t<tr>\n\t\t\t\t\t\t\t\t\t\t\t\t\t<td>Remplacement ou ajout de d\u00e9tecteurs de fum\u00e9e <\/td>\n\t\t\t\t\t\t\t\t\t\t\t\t\t\t<td><\/td>\n\t\t\t\t\t\t\t\t\t\t\t\t\t\t<td>Nous avons \u00e9galement des d\u00e9tecteurs de monoxyde de carbone<\/td>\n\t\t\t\t\t\t\t\t\t\t\t\t\t<\/tr>\n\t\t\t\t\t\t\t\t\t\t\t\t\t<tr>\n\t\t\t\t\t\t\t\t\t\t\t\t\t<td>Remplacement ou ajout de chauffages <\/td>\n\t\t\t\t\t\t\t\t\t\t\t\t\t\t<td><\/td>\n\t\t\t\t\t\t\t\t\t\t\t\t\t\t<td>Remplacement ou ajout de plinthes chauffantes ou de radiateurs \u00e0 dragon<\/td>\n\t\t\t\t\t\t\t\t\t\t\t\t\t<\/tr>\n\t\t\t\t\t\t\t\t\t\t\t\t\t<tr>\n\t\t\t\t\t\t\t\t\t\t\t\t\t<td>Panne de courant ou intermittence de l'alimentation \u00e9lectrique <\/td>\n\t\t\t\t\t\t\t\t\t\t\t\t\t\t<td><\/td>\n\t\t\t\t\t\t\t\t\t\t\t\t\t\t<td>Nos \u00e9lectriciens qualifi\u00e9s peuvent trouver votre probl\u00e8me en un rien de temps<\/td>\n\t\t\t\t\t\t\t\t\t\t\t\t\t<\/tr>\n\t\t\t\t\t\t\t\t\t\t\t\t<\/tbody>\n\t\t\t\t<\/table>\n\t\t\t<\/div>\n\t\t<\/div>\n\t<\/div>\t\n\t\t\t\t\t\t\t<\/div>\n\t\t\t\t<\/div>\n\t\t\t\t\t<\/div>\n\t\t<\/div>\n\t\t\t\t\t<\/div>\n\t\t<\/section>\n\t\t\t\t<\/div>","protected":false},"excerpt":{"rendered":"<p>Your Best Optionin ElectricalContractors 24\/7 Our experienced electricians are highly trained in all aspects of electrical service, from office lighting and security systems to emergency repair. Explore services Our prices Our prices according to your needs Our prices are competitive on the market. Service Call Minimum fee First hour of work Travel included up to [&hellip;]<\/p>","protected":false},"author":1,"featured_media":0,"parent":0,"menu_order":0,"comment_status":"closed","ping_status":"closed","template":"","meta":{"footnotes":""},"yoast_head":"<!-- This site is optimized with the Yoast SEO plugin v23.0 - https:\/\/yoast.com\/wordpress\/plugins\/seo\/ -->\n<title>Prices - brunoberthiaumeelectrique.com<\/title>\n<meta name=\"robots\" content=\"index, follow, max-snippet:-1, max-image-preview:large, max-video-preview:-1\" \/>\n<link rel=\"canonical\" href=\"https:\/\/brunoberthiaumeelectrique.com\/fr\/prices\/\" \/>\n<meta property=\"og:locale\" content=\"fr_CA\" \/>\n<meta property=\"og:type\" content=\"article\" \/>\n<meta property=\"og:title\" content=\"Prices - brunoberthiaumeelectrique.com\" \/>\n<meta property=\"og:description\" content=\"Your Best Optionin ElectricalContractors 24\/7 Our experienced electricians are highly trained in all aspects of electrical service, from office lighting and security systems to emergency repair. Explore services Our prices Our prices according to your needs Our prices are competitive on the market. Service Call Minimum fee First hour of work Travel included up to [&hellip;]\" \/>\n<meta property=\"og:url\" content=\"https:\/\/brunoberthiaumeelectrique.com\/fr\/prices\/\" \/>\n<meta property=\"og:site_name\" content=\"brunoberthiaumeelectrique.com\" \/>\n<meta property=\"article:modified_time\" content=\"2025-06-25T23:53:08+00:00\" \/>\n<meta property=\"og:image\" content=\"https:\/\/brunoberthiaumeelectrique.com\/wp-content\/uploads\/2020\/07\/bg_marker02.png\" \/>\n<meta name=\"twitter:card\" content=\"summary_large_image\" \/>\n<meta name=\"twitter:label1\" content=\"Estimation du temps de lecture\" \/>\n\t<meta name=\"twitter:data1\" content=\"2 minutes\" \/>\n<script type=\"application\/ld+json\" class=\"yoast-schema-graph\">{\"@context\":\"https:\/\/schema.org\",\"@graph\":[{\"@type\":\"WebPage\",\"@id\":\"https:\/\/brunoberthiaumeelectrique.com\/prices\/\",\"url\":\"https:\/\/brunoberthiaumeelectrique.com\/prices\/\",\"name\":\"Prices - brunoberthiaumeelectrique.com\",\"isPartOf\":{\"@id\":\"https:\/\/brunoberthiaumeelectrique.com\/#website\"},\"primaryImageOfPage\":{\"@id\":\"https:\/\/brunoberthiaumeelectrique.com\/prices\/#primaryimage\"},\"image\":{\"@id\":\"https:\/\/brunoberthiaumeelectrique.com\/prices\/#primaryimage\"},\"thumbnailUrl\":\"https:\/\/brunoberthiaumeelectrique.com\/wp-content\/uploads\/2020\/07\/bg_marker02.png\",\"datePublished\":\"2019-12-09T06:40:53+00:00\",\"dateModified\":\"2025-06-25T23:53:08+00:00\",\"breadcrumb\":{\"@id\":\"https:\/\/brunoberthiaumeelectrique.com\/prices\/#breadcrumb\"},\"inLanguage\":\"fr-CA\",\"potentialAction\":[{\"@type\":\"ReadAction\",\"target\":[\"https:\/\/brunoberthiaumeelectrique.com\/prices\/\"]}]},{\"@type\":\"ImageObject\",\"inLanguage\":\"fr-CA\",\"@id\":\"https:\/\/brunoberthiaumeelectrique.com\/prices\/#primaryimage\",\"url\":\"https:\/\/brunoberthiaumeelectrique.com\/wp-content\/uploads\/2020\/07\/bg_marker02.png\",\"contentUrl\":\"https:\/\/brunoberthiaumeelectrique.com\/wp-content\/uploads\/2020\/07\/bg_marker02.png\"},{\"@type\":\"BreadcrumbList\",\"@id\":\"https:\/\/brunoberthiaumeelectrique.com\/prices\/#breadcrumb\",\"itemListElement\":[{\"@type\":\"ListItem\",\"position\":1,\"name\":\"Home\",\"item\":\"https:\/\/brunoberthiaumeelectrique.com\/\"},{\"@type\":\"ListItem\",\"position\":2,\"name\":\"Prices\"}]},{\"@type\":\"WebSite\",\"@id\":\"https:\/\/brunoberthiaumeelectrique.com\/#website\",\"url\":\"https:\/\/brunoberthiaumeelectrique.com\/\",\"name\":\"brunoberthiaumeelectrique.com\",\"description\":\"\",\"potentialAction\":[{\"@type\":\"SearchAction\",\"target\":{\"@type\":\"EntryPoint\",\"urlTemplate\":\"https:\/\/brunoberthiaumeelectrique.com\/?s={search_term_string}\"},\"query-input\":\"required name=search_term_string\"}],\"inLanguage\":\"fr-CA\"}]}<\/script>\n<!-- \/ Yoast SEO plugin. -->","yoast_head_json":{"title":"Prices - brunoberthiaumeelectrique.com","robots":{"index":"index","follow":"follow","max-snippet":"max-snippet:-1","max-image-preview":"max-image-preview:large","max-video-preview":"max-video-preview:-1"},"canonical":"https:\/\/brunoberthiaumeelectrique.com\/fr\/prices\/","og_locale":"fr_CA","og_type":"article","og_title":"Prices - brunoberthiaumeelectrique.com","og_description":"Your Best Optionin ElectricalContractors 24\/7 Our experienced electricians are highly trained in all aspects of electrical service, from office lighting and security systems to emergency repair. Explore services Our prices Our prices according to your needs Our prices are competitive on the market. Service Call Minimum fee First hour of work Travel included up to [&hellip;]","og_url":"https:\/\/brunoberthiaumeelectrique.com\/fr\/prices\/","og_site_name":"brunoberthiaumeelectrique.com","article_modified_time":"2025-06-25T23:53:08+00:00","og_image":[{"url":"https:\/\/brunoberthiaumeelectrique.com\/wp-content\/uploads\/2020\/07\/bg_marker02.png"}],"twitter_card":"summary_large_image","twitter_misc":{"Estimation du temps de lecture":"2 minutes"},"schema":{"@context":"https:\/\/schema.org","@graph":[{"@type":"WebPage","@id":"https:\/\/brunoberthiaumeelectrique.com\/prices\/","url":"https:\/\/brunoberthiaumeelectrique.com\/prices\/","name":"Prices - brunoberthiaumeelectrique.com","isPartOf":{"@id":"https:\/\/brunoberthiaumeelectrique.com\/#website"},"primaryImageOfPage":{"@id":"https:\/\/brunoberthiaumeelectrique.com\/prices\/#primaryimage"},"image":{"@id":"https:\/\/brunoberthiaumeelectrique.com\/prices\/#primaryimage"},"thumbnailUrl":"https:\/\/brunoberthiaumeelectrique.com\/wp-content\/uploads\/2020\/07\/bg_marker02.png","datePublished":"2019-12-09T06:40:53+00:00","dateModified":"2025-06-25T23:53:08+00:00","breadcrumb":{"@id":"https:\/\/brunoberthiaumeelectrique.com\/prices\/#breadcrumb"},"inLanguage":"fr-CA","potentialAction":[{"@type":"ReadAction","target":["https:\/\/brunoberthiaumeelectrique.com\/prices\/"]}]},{"@type":"ImageObject","inLanguage":"fr-CA","@id":"https:\/\/brunoberthiaumeelectrique.com\/prices\/#primaryimage","url":"https:\/\/brunoberthiaumeelectrique.com\/wp-content\/uploads\/2020\/07\/bg_marker02.png","contentUrl":"https:\/\/brunoberthiaumeelectrique.com\/wp-content\/uploads\/2020\/07\/bg_marker02.png"},{"@type":"BreadcrumbList","@id":"https:\/\/brunoberthiaumeelectrique.com\/prices\/#breadcrumb","itemListElement":[{"@type":"ListItem","position":1,"name":"Home","item":"https:\/\/brunoberthiaumeelectrique.com\/"},{"@type":"ListItem","position":2,"name":"Prices"}]},{"@type":"WebSite","@id":"https:\/\/brunoberthiaumeelectrique.com\/#website","url":"https:\/\/brunoberthiaumeelectrique.com\/","name":"brunoberthiaumeelectrique.com","description":"","potentialAction":[{"@type":"SearchAction","target":{"@type":"EntryPoint","urlTemplate":"https:\/\/brunoberthiaumeelectrique.com\/?s={search_term_string}"},"query-input":"required name=search_term_string"}],"inLanguage":"fr-CA"}]}},"_links":{"self":[{"href":"https:\/\/brunoberthiaumeelectrique.com\/fr\/wp-json\/wp\/v2\/pages\/1474"}],"collection":[{"href":"https:\/\/brunoberthiaumeelectrique.com\/fr\/wp-json\/wp\/v2\/pages"}],"about":[{"href":"https:\/\/brunoberthiaumeelectrique.com\/fr\/wp-json\/wp\/v2\/types\/page"}],"author":[{"embeddable":true,"href":"https:\/\/brunoberthiaumeelectrique.com\/fr\/wp-json\/wp\/v2\/users\/1"}],"replies":[{"embeddable":true,"href":"https:\/\/brunoberthiaumeelectrique.com\/fr\/wp-json\/wp\/v2\/comments?post=1474"}],"version-history":[{"count":66,"href":"https:\/\/brunoberthiaumeelectrique.com\/fr\/wp-json\/wp\/v2\/pages\/1474\/revisions"}],"predecessor-version":[{"id":3299,"href":"https:\/\/brunoberthiaumeelectrique.com\/fr\/wp-json\/wp\/v2\/pages\/1474\/revisions\/3299"}],"wp:attachment":[{"href":"https:\/\/brunoberthiaumeelectrique.com\/fr\/wp-json\/wp\/v2\/media?parent=1474"}],"curies":[{"name":"wp","href":"https:\/\/api.w.org\/{rel}","templated":true}]}}