{"id":2529,"date":"2016-11-12T05:58:27","date_gmt":"2016-11-12T05:58:27","guid":{"rendered":"http:\/\/localhost\/wp-themes\/electrician\/?page_id=14"},"modified":"2025-01-13T18:52:04","modified_gmt":"2025-01-13T18:52:04","slug":"contact","status":"publish","type":"page","link":"https:\/\/brunoberthiaumeelectrique.com\/fr\/contact\/","title":{"rendered":"Contact"},"content":{"rendered":"<div data-elementor-type=\"wp-page\" data-elementor-id=\"2529\" class=\"elementor elementor-2529\">\n\t\t\t\t\t\t<section class=\"elementor-section elementor-top-section elementor-element elementor-element-824edba elementor-section-stretched elementor-section-full_width elementor-section-height-default elementor-section-height-default\" data-id=\"824edba\" data-element_type=\"section\" data-settings=\"{&quot;stretch_section&quot;:&quot;section-stretched&quot;}\">\n\t\t\t\t\t\t<div class=\"elementor-container elementor-column-gap-no\">\n\t\t\t\t\t<div class=\"elementor-column elementor-col-100 elementor-top-column elementor-element elementor-element-b635ea2\" data-id=\"b635ea2\" data-element_type=\"column\">\n\t\t\t<div class=\"elementor-widget-wrap elementor-element-populated\">\n\t\t\t\t\t\t<div class=\"elementor-element elementor-element-0eb50e4 elementor-widget elementor-widget-text-editor\" data-id=\"0eb50e4\" data-element_type=\"widget\" data-widget_type=\"text-editor.default\">\n\t\t\t\t<div class=\"elementor-widget-container\">\n\t\t\t\t\t\t\t\t\t<iframe src=\"https:\/\/www.google.com\/maps\/embed?pb=!1m18!1m12!1m3!1d5596.205303197268!2d-75.73719062454681!3d45.46773603320398!2m3!1f0!2f0!3f0!3m2!1i1024!2i768!4f13.1!3m3!1m2!1s0x4cce1cada33dd15f%3A0x2b574e157d9f2f05!2sBruno%20Berthiaume%20%C3%89lectrique%20Inc.!5e0!3m2!1sen!2sca!4v1715995538887!5m2!1sen!2sca\" width=\"600\" height=\"450\" style=\"border:0;\" allowfullscreen=\"\" loading=\"lazy\" referrerpolicy=\"no-referrer-when-downgrade\"><\/iframe>\t\t\t\t\t\t\t\t<\/div>\n\t\t\t\t<\/div>\n\t\t\t\t\t<\/div>\n\t\t<\/div>\n\t\t\t\t\t<\/div>\n\t\t<\/section>\n\t\t\t\t<section class=\"elementor-section elementor-top-section elementor-element elementor-element-d184240 elementor-section-stretched elementor-section-full_width elementor-section-height-min-height elementor-section-height-default elementor-section-items-middle\" data-id=\"d184240\" data-element_type=\"section\" data-settings=\"{&quot;stretch_section&quot;:&quot;section-stretched&quot;}\">\n\t\t\t\t\t\t<div class=\"elementor-container elementor-column-gap-no\">\n\t\t\t\t\t<div class=\"elementor-column elementor-col-100 elementor-top-column elementor-element elementor-element-e5199d1\" data-id=\"e5199d1\" data-element_type=\"column\">\n\t\t\t<div class=\"elementor-widget-wrap elementor-element-populated\">\n\t\t\t\t\t\t<div class=\"elementor-element elementor-element-8facb6e elementor-widget elementor-widget-electrician_contact_info\" data-id=\"8facb6e\" data-element_type=\"widget\" data-widget_type=\"electrician_contact_info.default\">\n\t\t\t\t<div class=\"elementor-widget-container\">\n\t\t\t\t\t <div class=\"section-indent-extra\">\n\t\t<div class=\"container container-lg-fluid\">\n\t\t\t<div class=\"section__wrapper02 tt-contact-wrapper\">\n\t\t\t\t<div class=\"row justify-content-center\">\n\t\t\t\t \t\t\t\t\t  <div class=\"col-sm-6 col-md-4\">\n  <div class=\"tt-contact\">\n\t<div class=\"tt-icon\">\n\t\t\t\t\t\t<i aria-hidden=\"true\" class=\"icon-map-marker\"><\/i>\t<\/div>\n\t<div class=\"tt-content\">\n\t  <div class=\"tt-title\">Adresse :<\/div>\n\t\t\t\t\t\t<address>\t\t\t\t\t\t\t\tBruno Berthiaume \u00c9lectrique Inc.<br> 50 Rue Noel #7, Gatineau, Qc<br> J8Z 2M4\t\t\t\t\t\t\t<\/address>\t<\/div>\n  <\/div>\n<\/div> \t\t\t\t\t  <div class=\"col-sm-6 col-md-4\">\n  <div class=\"tt-contact\">\n\t<div class=\"tt-icon\">\n\t\t\t\t\t\t<i aria-hidden=\"true\" class=\"icon-clock-circular-outline-1\"><\/i>\t<\/div>\n\t<div class=\"tt-content\">\n\t  <div class=\"tt-title\">Heures de travail :<\/div>\n\t\t\t\t\t\tLun-Jeu 7:30 - 16:00<br>Ven 7:30 - 12:00<br>Sam-Dim: Urgences uniquement\t<\/div>\n  <\/div>\n<\/div> \t\t\t\t\t  <div class=\"col-sm-6 col-md-4\">\n  <div class=\"tt-contact\">\n\t<div class=\"tt-icon\">\n\t\t\t\t\t\t<i aria-hidden=\"true\" class=\"icon-telephone\"><\/i>\t<\/div>\n\t<div class=\"tt-content\">\n\t  <div class=\"tt-title\">Num\u00e9ros de t\u00e9l\u00e9phone :<\/div>\n\t\t\t\t\t\t<address>\t\t\t\t\t\t\t\t<a href=\"tel:(819) 771-7445\">819-771-7445 (Bureau)<\/a>\t\t\t\t\t\t\t<\/address>\n<address>\t\t\t\t\t\t\t\t<a href=\"tel:(819) 208-5128\">819-208-5128 (Urgence)<\/a>\t\t\t\t\t\t\t<\/address>\t<\/div>\n  <\/div>\n<\/div>  \n\t\t\t\t\t\t\t\t\t\n\t\t\t\t<\/div>\n\t\t\t<\/div>\n\t\t<\/div>\n\t<\/div> \n\t\t\t\t\t\t<\/div>\n\t\t\t\t<\/div>\n\t\t\t\t\t<\/div>\n\t\t<\/div>\n\t\t\t\t\t<\/div>\n\t\t<\/section>\n\t\t\t\t<section class=\"elementor-section elementor-top-section elementor-element elementor-element-56b8458 elementor-section-stretched elementor-section-full_width elementor-section-height-default elementor-section-height-default\" data-id=\"56b8458\" data-element_type=\"section\" data-settings=\"{&quot;stretch_section&quot;:&quot;section-stretched&quot;}\">\n\t\t\t\t\t\t<div class=\"elementor-container elementor-column-gap-no\">\n\t\t\t\t\t<div class=\"elementor-column elementor-col-100 elementor-top-column elementor-element elementor-element-56c6d90\" data-id=\"56c6d90\" data-element_type=\"column\">\n\t\t\t<div class=\"elementor-widget-wrap elementor-element-populated\">\n\t\t\t\t<div class=\"elementor-element elementor-element-ccd48a2 e-flex e-con-boxed e-con e-parent\" data-id=\"ccd48a2\" data-element_type=\"container\">\n\t\t\t\t\t<div class=\"e-con-inner\">\n\t\t\t\t<div class=\"elementor-element elementor-element-279eaa2 elementor-widget elementor-widget-heading\" data-id=\"279eaa2\" data-element_type=\"widget\" data-widget_type=\"heading.default\">\n\t\t\t\t<div class=\"elementor-widget-container\">\n\t\t\t\t\t<h2 class=\"elementor-heading-title elementor-size-default\">Contactez-nous<\/h2>\t\t\t\t<\/div>\n\t\t\t\t<\/div>\n\t\t\t\t\t<\/div>\n\t\t\t\t<\/div>\n\t\t\t\t<div class=\"elementor-element elementor-element-0661f24 elementor-widget elementor-widget-heading\" data-id=\"0661f24\" data-element_type=\"widget\" data-widget_type=\"heading.default\">\n\t\t\t\t<div class=\"elementor-widget-container\">\n\t\t\t\t\t<h2 class=\"elementor-heading-title elementor-size-default\">Envoyez-nous un message<\/h2>\t\t\t\t<\/div>\n\t\t\t\t<\/div>\n\t\t<div class=\"elementor-element elementor-element-98acd35 e-flex e-con-boxed e-con e-parent\" data-id=\"98acd35\" data-element_type=\"container\">\n\t\t\t\t\t<div class=\"e-con-inner\">\n\t\t\t\t<div class=\"elementor-element elementor-element-eb04197 elementor-widget elementor-widget-shortcode\" data-id=\"eb04197\" data-element_type=\"widget\" data-widget_type=\"shortcode.default\">\n\t\t\t\t<div class=\"elementor-widget-container\">\n\t\t\t\t\t\t\t<div class=\"elementor-shortcode\"><div class=\"forminator-ui forminator-custom-form forminator-custom-form-3276 forminator-design--flat  forminator_ajax\" data-forminator-render=\"0\" data-form=\"forminator-module-3276\" data-uid=\"69e63b9807e14\"><br\/><\/div><form\n\t\t\t\tid=\"forminator-module-3276\"\n\t\t\t\tclass=\"forminator-ui forminator-custom-form forminator-custom-form-3276 forminator-design--flat  forminator_ajax\"\n\t\t\t\tmethod=\"post\"\n\t\t\t\tdata-forminator-render=\"0\"\n\t\t\t\tdata-form-id=\"3276\"\n\t\t\t\t data-color-option=\"default\" data-design=\"flat\" data-grid=\"open\" style=\"display: none;\"\n\t\t\t\tdata-uid=\"69e63b9807e14\" action=\"\"\n\t\t\t><div role=\"alert\" aria-live=\"polite\" class=\"forminator-response-message forminator-error\" aria-hidden=\"true\"><\/div><div class=\"forminator-row\"><div id=\"name-1\" class=\"forminator-field-name forminator-col forminator-col-12\"><div class=\"forminator-field\"><label for=\"forminator-field-name-1_69e63b9807e14\" id=\"forminator-field-name-1_69e63b9807e14-label\" class=\"forminator-label\">Nom complet <span class=\"forminator-required\">*<\/span><\/label><input type=\"text\" name=\"name-1\" value=\"\" placeholder=\"John Doe\" id=\"forminator-field-name-1_69e63b9807e14\" class=\"forminator-input forminator-name--field\" aria-required=\"true\" autocomplete=\"name\" \/><\/div><\/div><\/div><div class=\"forminator-row\"><div id=\"email-1\" class=\"forminator-field-email forminator-col forminator-col-6\"><div class=\"forminator-field\"><label for=\"forminator-field-email-1_69e63b9807e14\" id=\"forminator-field-email-1_69e63b9807e14-label\" class=\"forminator-label\">Adresse Courriel <span class=\"forminator-required\">*<\/span><\/label><input type=\"email\" name=\"email-1\" value=\"\" placeholder=\"john@gmail.com\" id=\"forminator-field-email-1_69e63b9807e14\" class=\"forminator-input forminator-email--field\" data-required=\"1\" aria-required=\"true\" autocomplete=\"email\" \/><\/div><\/div><div id=\"phone-1\" class=\"forminator-field-phone forminator-col forminator-col-6\"><div class=\"forminator-field\"><label for=\"forminator-field-phone-1_69e63b9807e14\" id=\"forminator-field-phone-1_69e63b9807e14-label\" class=\"forminator-label\">T\u00e9l\u00e9phone<\/label><input type=\"text\" name=\"phone-1\" value=\"\" placeholder=\"819 400 5000\" id=\"forminator-field-phone-1_69e63b9807e14\" class=\"forminator-input forminator-field--phone\" data-required=\"\" aria-required=\"false\" autocomplete=\"off\" \/><\/div><\/div><\/div><div class=\"forminator-row\"><div id=\"group-1\" class=\"forminator-field-group forminator-col forminator-col-12\"><label class=\"forminator-label forminator-repeater-label\">Adresse<\/label><div class=\"forminator-all-group-copies forminator-repeater-field\"><div class=\"forminator-grouped-fields\" data-options=\"{&quot;is_repeater&quot;:false,&quot;min_type&quot;:&quot;custom&quot;,&quot;max_type&quot;:&quot;custom&quot;,&quot;min&quot;:1,&quot;max&quot;:9223372036854775807,&quot;add_text&quot;:&quot;Add item&quot;,&quot;remove_text&quot;:&quot;Remove item&quot;,&quot;action_element_type&quot;:&quot;button&quot;}\"><div class=\"forminator-row\"><div id=\"address-1\" class=\"forminator-field-address forminator-col forminator-col-12\"><div class=\"forminator-row\"><div id=\"address-1-street_address\" class=\"forminator-col\"><div class=\"forminator-field\"><label for=\"forminator-field-address-1-street_address_69e63b9807e14\" id=\"forminator-field-address-1-street_address_69e63b9807e14-label\" class=\"forminator-label\">Adresse<\/label><input type=\"text\" name=\"address-1-street_address\" placeholder=\"123 Rue Principale\" id=\"forminator-field-address-1-street_address_69e63b9807e14\" class=\"forminator-input\" data-required=\"\" aria-required=\"false\" autocomplete=\"address-line1\" value=\"\" \/><\/div><\/div><\/div><div class=\"forminator-row\"><div id=\"address-1-address_line\" class=\"forminator-col\"><div class=\"forminator-field\"><label for=\"forminator-field-address-1-address_line_69e63b9807e14\" id=\"forminator-field-address-1-address_line_69e63b9807e14-label\" class=\"forminator-label\">appartement, suite, etc<\/label><input type=\"text\" name=\"address-1-address_line\" placeholder=\"\" id=\"forminator-field-address-1-address_line_69e63b9807e14\" class=\"forminator-input\" data-required=\"\" aria-required=\"false\" autocomplete=\"address-line2\" value=\"\" \/><\/div><\/div><\/div><div class=\"forminator-row\" data-multiple=\"true\"><div id=\"address-1-city\" class=\"forminator-col forminator-col-6\"><div class=\"forminator-field\"><label for=\"forminator-field-address-1-city_69e63b9807e14\" id=\"forminator-field-address-1-city_69e63b9807e14-label\" class=\"forminator-label\">Ville<\/label><input type=\"text\" name=\"address-1-city\" placeholder=\"Gatineau\" id=\"forminator-field-address-1-city_69e63b9807e14\" class=\"forminator-input\" data-required=\"\" aria-required=\"false\" autocomplete=\"address-level2\" value=\"\" \/><\/div><\/div><div id=\"address-1-state\" class=\"forminator-col forminator-col-6\"><div class=\"forminator-field\"><label for=\"forminator-field-address-1-state_69e63b9807e14\" id=\"forminator-field-address-1-state_69e63b9807e14-label\" class=\"forminator-label\">Province<\/label><input type=\"text\" name=\"address-1-state\" placeholder=\"Qu\u00e9bec\" id=\"forminator-field-address-1-state_69e63b9807e14\" class=\"forminator-input\" data-required=\"\" aria-required=\"false\" autocomplete=\"address-level1\" value=\"\" \/><\/div><\/div><\/div><div class=\"forminator-row\" data-multiple=\"false\"><div id=\"address-1-zip\" class=\"forminator-col forminator-col-12\"><div class=\"forminator-field\"><label for=\"forminator-field-address-1-zip_69e63b9807e14\" id=\"forminator-field-address-1-zip_69e63b9807e14-label\" class=\"forminator-label\">Code Postal<\/label><input type=\"text\" name=\"address-1-zip\" placeholder=\"J8T 6T4\" id=\"forminator-field-address-1-zip_69e63b9807e14\" class=\"forminator-input\" autocomplete=\"postal-code\" value=\"\" \/><\/div><\/div><\/div><\/div><\/div><\/div><\/div><\/div><\/div><div class=\"forminator-row\"><div id=\"textarea-1\" class=\"forminator-field-textarea forminator-col forminator-col-12\"><div class=\"forminator-field\"><label for=\"forminator-field-textarea-1_69e63b9807e14\" id=\"forminator-field-textarea-1_69e63b9807e14-label\" class=\"forminator-label\">Votre message <span class=\"forminator-required\">*<\/span><\/label><textarea name=\"textarea-1\" placeholder=\"\u00c9crivez-Nous\" id=\"forminator-field-textarea-1_69e63b9807e14\" class=\"forminator-textarea\" rows=\"6\" style=\"min-height:140px;\" ><\/textarea><\/div><\/div><\/div><input type=\"hidden\" name=\"referer_url\" value=\"\" \/><div class=\"forminator-row forminator-row-last\"><div class=\"forminator-col\"><div class=\"forminator-field\"><button class=\"forminator-button forminator-button-submit\">Envoyez<\/button><\/div><\/div><\/div><input type=\"hidden\" id=\"forminator_nonce\" name=\"forminator_nonce\" value=\"71e7cb5b4a\" \/><input type=\"hidden\" name=\"_wp_http_referer\" value=\"\/fr\/wp-json\/wp\/v2\/pages\/2529\" \/><input type=\"hidden\" name=\"form_id\" value=\"3276\"><input type=\"hidden\" name=\"page_id\" value=\"2529\"><input type=\"hidden\" name=\"form_type\" value=\"default\"><input type=\"hidden\" name=\"current_url\" value=\"https:\/\/brunoberthiaumeelectrique.com\/fr\/contact\/\"><input type=\"hidden\" name=\"render_id\" value=\"0\"><input type=\"hidden\" name=\"action\" value=\"forminator_submit_form_custom-forms\"><input type=\"hidden\" name=\"trp-form-language\" value=\"fr\"\/><\/form><\/div>\n\t\t\t\t\t\t<\/div>\n\t\t\t\t<\/div>\n\t\t\t\t\t<\/div>\n\t\t\t\t<\/div>\n\t\t\t\t\t<\/div>\n\t\t<\/div>\n\t\t\t\t\t<\/div>\n\t\t<\/section>\n\t\t\t\t<\/div>","protected":false},"excerpt":{"rendered":"<p>Address: Bruno Berthiaume \u00c9lectrique Inc. 50 Rue Noel #7, Gatineau, Qc J8Z 2M4 Work Hours: Mon-Thu 07:30 AM &#8211; 04:00 PMFri 07:30 AM &#8211; 12:00 PMSat-Sun: Emergency only Phone Numbers: 819-771-7445 (Office) 819-208-5128 (Emergency) Contact Us Get In Touch With Us<\/p>","protected":false},"author":1,"featured_media":0,"parent":0,"menu_order":0,"comment_status":"closed","ping_status":"closed","template":"","meta":{"footnotes":""},"yoast_head":"<!-- This site is optimized with the Yoast SEO plugin v23.0 - https:\/\/yoast.com\/wordpress\/plugins\/seo\/ -->\n<title>Contact - brunoberthiaumeelectrique.com<\/title>\n<meta name=\"robots\" content=\"index, follow, max-snippet:-1, max-image-preview:large, max-video-preview:-1\" \/>\n<link rel=\"canonical\" href=\"https:\/\/brunoberthiaumeelectrique.com\/fr\/contact\/\" \/>\n<meta property=\"og:locale\" content=\"fr_CA\" \/>\n<meta property=\"og:type\" content=\"article\" \/>\n<meta property=\"og:title\" content=\"Contact - brunoberthiaumeelectrique.com\" \/>\n<meta property=\"og:description\" content=\"Address: Bruno Berthiaume \u00c9lectrique Inc. 50 Rue Noel #7, Gatineau, Qc J8Z 2M4 Work Hours: Mon-Thu 07:30 AM &#8211; 04:00 PMFri 07:30 AM &#8211; 12:00 PMSat-Sun: Emergency only Phone Numbers: 819-771-7445 (Office) 819-208-5128 (Emergency) Contact Us Get In Touch With Us\" \/>\n<meta property=\"og:url\" content=\"https:\/\/brunoberthiaumeelectrique.com\/fr\/contact\/\" \/>\n<meta property=\"og:site_name\" content=\"brunoberthiaumeelectrique.com\" \/>\n<meta property=\"article:modified_time\" content=\"2025-01-13T18:52:04+00:00\" \/>\n<meta name=\"twitter:card\" content=\"summary_large_image\" \/>\n<meta name=\"twitter:label1\" content=\"Estimation du temps de lecture\" \/>\n\t<meta name=\"twitter:data1\" content=\"1 minute\" \/>\n<script type=\"application\/ld+json\" class=\"yoast-schema-graph\">{\"@context\":\"https:\/\/schema.org\",\"@graph\":[{\"@type\":\"WebPage\",\"@id\":\"https:\/\/brunoberthiaumeelectrique.com\/contact\/\",\"url\":\"https:\/\/brunoberthiaumeelectrique.com\/contact\/\",\"name\":\"Contact - brunoberthiaumeelectrique.com\",\"isPartOf\":{\"@id\":\"https:\/\/brunoberthiaumeelectrique.com\/#website\"},\"datePublished\":\"2016-11-12T05:58:27+00:00\",\"dateModified\":\"2025-01-13T18:52:04+00:00\",\"breadcrumb\":{\"@id\":\"https:\/\/brunoberthiaumeelectrique.com\/contact\/#breadcrumb\"},\"inLanguage\":\"fr-CA\",\"potentialAction\":[{\"@type\":\"ReadAction\",\"target\":[\"https:\/\/brunoberthiaumeelectrique.com\/contact\/\"]}]},{\"@type\":\"BreadcrumbList\",\"@id\":\"https:\/\/brunoberthiaumeelectrique.com\/contact\/#breadcrumb\",\"itemListElement\":[{\"@type\":\"ListItem\",\"position\":1,\"name\":\"Home\",\"item\":\"https:\/\/brunoberthiaumeelectrique.com\/\"},{\"@type\":\"ListItem\",\"position\":2,\"name\":\"Contact\"}]},{\"@type\":\"WebSite\",\"@id\":\"https:\/\/brunoberthiaumeelectrique.com\/#website\",\"url\":\"https:\/\/brunoberthiaumeelectrique.com\/\",\"name\":\"brunoberthiaumeelectrique.com\",\"description\":\"\",\"potentialAction\":[{\"@type\":\"SearchAction\",\"target\":{\"@type\":\"EntryPoint\",\"urlTemplate\":\"https:\/\/brunoberthiaumeelectrique.com\/?s={search_term_string}\"},\"query-input\":\"required name=search_term_string\"}],\"inLanguage\":\"fr-CA\"}]}<\/script>\n<!-- \/ Yoast SEO plugin. -->","yoast_head_json":{"title":"Contact - brunoberthiaumeelectrique.com","robots":{"index":"index","follow":"follow","max-snippet":"max-snippet:-1","max-image-preview":"max-image-preview:large","max-video-preview":"max-video-preview:-1"},"canonical":"https:\/\/brunoberthiaumeelectrique.com\/fr\/contact\/","og_locale":"fr_CA","og_type":"article","og_title":"Contact - brunoberthiaumeelectrique.com","og_description":"Address: Bruno Berthiaume \u00c9lectrique Inc. 50 Rue Noel #7, Gatineau, Qc J8Z 2M4 Work Hours: Mon-Thu 07:30 AM &#8211; 04:00 PMFri 07:30 AM &#8211; 12:00 PMSat-Sun: Emergency only Phone Numbers: 819-771-7445 (Office) 819-208-5128 (Emergency) Contact Us Get In Touch With Us","og_url":"https:\/\/brunoberthiaumeelectrique.com\/fr\/contact\/","og_site_name":"brunoberthiaumeelectrique.com","article_modified_time":"2025-01-13T18:52:04+00:00","twitter_card":"summary_large_image","twitter_misc":{"Estimation du temps de lecture":"1 minute"},"schema":{"@context":"https:\/\/schema.org","@graph":[{"@type":"WebPage","@id":"https:\/\/brunoberthiaumeelectrique.com\/contact\/","url":"https:\/\/brunoberthiaumeelectrique.com\/contact\/","name":"Contact - brunoberthiaumeelectrique.com","isPartOf":{"@id":"https:\/\/brunoberthiaumeelectrique.com\/#website"},"datePublished":"2016-11-12T05:58:27+00:00","dateModified":"2025-01-13T18:52:04+00:00","breadcrumb":{"@id":"https:\/\/brunoberthiaumeelectrique.com\/contact\/#breadcrumb"},"inLanguage":"fr-CA","potentialAction":[{"@type":"ReadAction","target":["https:\/\/brunoberthiaumeelectrique.com\/contact\/"]}]},{"@type":"BreadcrumbList","@id":"https:\/\/brunoberthiaumeelectrique.com\/contact\/#breadcrumb","itemListElement":[{"@type":"ListItem","position":1,"name":"Home","item":"https:\/\/brunoberthiaumeelectrique.com\/"},{"@type":"ListItem","position":2,"name":"Contact"}]},{"@type":"WebSite","@id":"https:\/\/brunoberthiaumeelectrique.com\/#website","url":"https:\/\/brunoberthiaumeelectrique.com\/","name":"brunoberthiaumeelectrique.com","description":"","potentialAction":[{"@type":"SearchAction","target":{"@type":"EntryPoint","urlTemplate":"https:\/\/brunoberthiaumeelectrique.com\/?s={search_term_string}"},"query-input":"required name=search_term_string"}],"inLanguage":"fr-CA"}]}},"_links":{"self":[{"href":"https:\/\/brunoberthiaumeelectrique.com\/fr\/wp-json\/wp\/v2\/pages\/2529"}],"collection":[{"href":"https:\/\/brunoberthiaumeelectrique.com\/fr\/wp-json\/wp\/v2\/pages"}],"about":[{"href":"https:\/\/brunoberthiaumeelectrique.com\/fr\/wp-json\/wp\/v2\/types\/page"}],"author":[{"embeddable":true,"href":"https:\/\/brunoberthiaumeelectrique.com\/fr\/wp-json\/wp\/v2\/users\/1"}],"replies":[{"embeddable":true,"href":"https:\/\/brunoberthiaumeelectrique.com\/fr\/wp-json\/wp\/v2\/comments?post=2529"}],"version-history":[{"count":27,"href":"https:\/\/brunoberthiaumeelectrique.com\/fr\/wp-json\/wp\/v2\/pages\/2529\/revisions"}],"predecessor-version":[{"id":3296,"href":"https:\/\/brunoberthiaumeelectrique.com\/fr\/wp-json\/wp\/v2\/pages\/2529\/revisions\/3296"}],"wp:attachment":[{"href":"https:\/\/brunoberthiaumeelectrique.com\/fr\/wp-json\/wp\/v2\/media?parent=2529"}],"curies":[{"name":"wp","href":"https:\/\/api.w.org\/{rel}","templated":true}]}}